{"id":6,"date":"2021-07-06T13:32:22","date_gmt":"2021-07-06T13:32:22","guid":{"rendered":"https:\/\/uzukenesvila.lt\/?page_id=6"},"modified":"2021-07-06T13:32:23","modified_gmt":"2021-07-06T13:32:23","slug":"kontaktai-2","status":"publish","type":"page","link":"https:\/\/uzukenesvila.lt\/index.php\/kontaktai-2\/","title":{"rendered":"Kontaktai"},"content":{"rendered":"\n<h4>Tel: +37063342277<\/h4>\n\n\n\n<h4>Tel: +37065550550<\/h4>\n\n\n\n<p>U\u017euken\u0117s Vila<br>Senasalio 3, U\u017euken\u0117s k.<br>Rukaini\u0173 seni\u016bnija,<br>Vilniaus r.<br>info@uzukenesvila.lt<br>kaimo.turizmas@inbox.lt<\/p>\n\n\n<div id=\"wpmapblock_0\" style=\"\n\t\twidth: 100%;\n\t\theight: 500px;\n\t\"><\/div>","protected":false},"excerpt":{"rendered":"<p>Tel: +37063342277 Tel: +37065550550 U\u017euken\u0117s VilaSenasalio 3, U\u017euken\u0117s k.Rukaini\u0173 seni\u016bnija,Vilniaus r.info@uzukenesvila.ltkaimo.turizmas@inbox.lt<\/p>\n","protected":false},"author":1,"featured_media":0,"parent":0,"menu_order":0,"comment_status":"closed","ping_status":"closed","template":"","meta":{"om_disable_all_campaigns":false,"_monsterinsights_skip_tracking":false,"_monsterinsights_sitenote_active":false,"_monsterinsights_sitenote_note":"","_monsterinsights_sitenote_category":0},"_links":{"self":[{"href":"https:\/\/uzukenesvila.lt\/index.php\/wp-json\/wp\/v2\/pages\/6"}],"collection":[{"href":"https:\/\/uzukenesvila.lt\/index.php\/wp-json\/wp\/v2\/pages"}],"about":[{"href":"https:\/\/uzukenesvila.lt\/index.php\/wp-json\/wp\/v2\/types\/page"}],"author":[{"embeddable":true,"href":"https:\/\/uzukenesvila.lt\/index.php\/wp-json\/wp\/v2\/users\/1"}],"replies":[{"embeddable":true,"href":"https:\/\/uzukenesvila.lt\/index.php\/wp-json\/wp\/v2\/comments?post=6"}],"version-history":[{"count":1,"href":"https:\/\/uzukenesvila.lt\/index.php\/wp-json\/wp\/v2\/pages\/6\/revisions"}],"predecessor-version":[{"id":44,"href":"https:\/\/uzukenesvila.lt\/index.php\/wp-json\/wp\/v2\/pages\/6\/revisions\/44"}],"wp:attachment":[{"href":"https:\/\/uzukenesvila.lt\/index.php\/wp-json\/wp\/v2\/media?parent=6"}],"curies":[{"name":"wp","href":"https:\/\/api.w.org\/{rel}","templated":true}]}}