{"id":5,"date":"2021-07-06T13:20:26","date_gmt":"2021-07-06T13:20:26","guid":{"rendered":"https:\/\/uzukenesvila.lt\/?page_id=5"},"modified":"2021-07-06T13:48:31","modified_gmt":"2021-07-06T13:48:31","slug":"sveiki-atvyke-i-uzukenes-vila","status":"publish","type":"page","link":"https:\/\/uzukenesvila.lt\/","title":{"rendered":"Sveiki atvyk\u0119 \u012f U\u017euken\u0117s Vil\u0105!"},"content":{"rendered":"\n<h2 class=\"alignwide has-text-align-wide has-gigantic-font-size\" style=\"line-height:1.1\">Sodybos nuoma prie pat Vilniaus!<\/h2>\n\n\n\n<div class=\"wp-block-columns alignwide are-vertically-aligned-top is-style-default\">\n<div class=\"wp-block-column is-vertically-aligned-top\">\n<h3>Nakvyn\u0117<\/h3>\n\n\n\n<figure class=\"wp-block-image size-large\"><img loading=\"lazy\" width=\"1024\" height=\"683\" src=\"http:\/\/uzukenesvila.lt\/wp-content\/uploads\/2021\/07\/11-1-1024x683.jpeg\" alt=\"\" class=\"wp-image-25\" srcset=\"https:\/\/uzukenesvila.lt\/wp-content\/uploads\/2021\/07\/11-1-1024x683.jpeg 1024w, https:\/\/uzukenesvila.lt\/wp-content\/uploads\/2021\/07\/11-1-300x200.jpeg 300w, https:\/\/uzukenesvila.lt\/wp-content\/uploads\/2021\/07\/11-1-768x512.jpeg 768w, https:\/\/uzukenesvila.lt\/wp-content\/uploads\/2021\/07\/11-1-1536x1025.jpeg 1536w, https:\/\/uzukenesvila.lt\/wp-content\/uploads\/2021\/07\/11-1-1568x1046.jpeg 1568w, https:\/\/uzukenesvila.lt\/wp-content\/uploads\/2021\/07\/11-1.jpeg 1941w\" sizes=\"(max-width: 1024px) 100vw, 1024px\" \/><\/figure>\n\n\n\n<p>Pagrindiniame sodybos pastate \u012frengti 5 jauk\u016bs miegamieji, kuriuose vienu metu gali nakvoti 18 asmen\u0173. Dar 8 nakvyn\u0117s vietos yra pirties pastate.<\/p>\n<\/div>\n\n\n\n<div class=\"wp-block-column is-vertically-aligned-top\">\n<h3>Pirtis<\/h3>\n\n\n\n<figure class=\"wp-block-image size-large\"><img loading=\"lazy\" width=\"1024\" height=\"683\" src=\"http:\/\/uzukenesvila.lt\/wp-content\/uploads\/2021\/07\/28-1024x683.jpeg\" alt=\"\" class=\"wp-image-19\" srcset=\"https:\/\/uzukenesvila.lt\/wp-content\/uploads\/2021\/07\/28-1024x683.jpeg 1024w, https:\/\/uzukenesvila.lt\/wp-content\/uploads\/2021\/07\/28-300x200.jpeg 300w, https:\/\/uzukenesvila.lt\/wp-content\/uploads\/2021\/07\/28-768x512.jpeg 768w, https:\/\/uzukenesvila.lt\/wp-content\/uploads\/2021\/07\/28-1536x1024.jpeg 1536w, https:\/\/uzukenesvila.lt\/wp-content\/uploads\/2021\/07\/28-1568x1045.jpeg 1568w, https:\/\/uzukenesvila.lt\/wp-content\/uploads\/2021\/07\/28.jpeg 1998w\" sizes=\"(max-width: 1024px) 100vw, 1024px\" \/><\/figure>\n\n\n\n<p>Atskirame pirties pastate gali ils\u0117tis 6-8 \u017emon\u0117s. J\u016bs\u0173 patogumui \u012frengtas du\u0161as, priepirtis, nedidel\u0117 virtuv\u0117l\u0117, balkonas, o antrame auk\u0161te &#8211; 8 vietos nakvynei.<\/p>\n<\/div>\n\n\n\n<div class=\"wp-block-column is-vertically-aligned-top\">\n<h3>Maitinimas<\/h3>\n\n\n\n<figure class=\"wp-block-image size-large\"><img loading=\"lazy\" width=\"1024\" height=\"683\" src=\"http:\/\/uzukenesvila.lt\/wp-content\/uploads\/2021\/07\/13-1024x683.jpg\" alt=\"\" class=\"wp-image-16\" srcset=\"https:\/\/uzukenesvila.lt\/wp-content\/uploads\/2021\/07\/13-1024x683.jpg 1024w, https:\/\/uzukenesvila.lt\/wp-content\/uploads\/2021\/07\/13-300x200.jpg 300w, https:\/\/uzukenesvila.lt\/wp-content\/uploads\/2021\/07\/13-768x512.jpg 768w, https:\/\/uzukenesvila.lt\/wp-content\/uploads\/2021\/07\/13-1536x1024.jpg 1536w, https:\/\/uzukenesvila.lt\/wp-content\/uploads\/2021\/07\/13-1568x1045.jpg 1568w, https:\/\/uzukenesvila.lt\/wp-content\/uploads\/2021\/07\/13.jpg 1620w\" sizes=\"(max-width: 1024px) 100vw, 1024px\" \/><\/figure>\n\n\n\n<p>\u0160alia restorano sal\u0117s \u012frengta virtuv\u0117 su visa reikalinga \u012franga ir indais. Joje galite gaminti patys, o prireikus j\u016bs\u0173 patogumui galime u\u017esakyti vir\u0117j\u0105 ir barmen\u0105.<\/p>\n<\/div>\n<\/div>\n\n\n\n<h2>Galerija<\/h2>\n\n\n\n<figure class=\"wp-block-gallery columns-3 is-cropped\"><ul class=\"blocks-gallery-grid\"><li class=\"blocks-gallery-item\"><figure><img loading=\"lazy\" width=\"1024\" height=\"686\" src=\"http:\/\/uzukenesvila.lt\/wp-content\/uploads\/2021\/07\/5-1024x686.jpg\" alt=\"\" data-id=\"13\" data-full-url=\"http:\/\/uzukenesvila.lt\/wp-content\/uploads\/2021\/07\/5.jpg\" data-link=\"https:\/\/uzukenesvila.lt\/sony-dsc-2\/\" class=\"wp-image-13\" srcset=\"https:\/\/uzukenesvila.lt\/wp-content\/uploads\/2021\/07\/5-1024x686.jpg 1024w, https:\/\/uzukenesvila.lt\/wp-content\/uploads\/2021\/07\/5-300x201.jpg 300w, https:\/\/uzukenesvila.lt\/wp-content\/uploads\/2021\/07\/5-768x514.jpg 768w, https:\/\/uzukenesvila.lt\/wp-content\/uploads\/2021\/07\/5-1536x1028.jpg 1536w, https:\/\/uzukenesvila.lt\/wp-content\/uploads\/2021\/07\/5-1568x1050.jpg 1568w, https:\/\/uzukenesvila.lt\/wp-content\/uploads\/2021\/07\/5.jpg 1613w\" sizes=\"(max-width: 1024px) 100vw, 1024px\" \/><\/figure><\/li><li class=\"blocks-gallery-item\"><figure><img loading=\"lazy\" width=\"1024\" height=\"686\" src=\"http:\/\/uzukenesvila.lt\/wp-content\/uploads\/2021\/07\/4-1024x686.jpg\" alt=\"\" data-id=\"12\" data-full-url=\"http:\/\/uzukenesvila.lt\/wp-content\/uploads\/2021\/07\/4.jpg\" data-link=\"https:\/\/uzukenesvila.lt\/sony-dsc\/\" class=\"wp-image-12\" srcset=\"https:\/\/uzukenesvila.lt\/wp-content\/uploads\/2021\/07\/4-1024x686.jpg 1024w, https:\/\/uzukenesvila.lt\/wp-content\/uploads\/2021\/07\/4-300x201.jpg 300w, https:\/\/uzukenesvila.lt\/wp-content\/uploads\/2021\/07\/4-768x514.jpg 768w, https:\/\/uzukenesvila.lt\/wp-content\/uploads\/2021\/07\/4-1536x1028.jpg 1536w, https:\/\/uzukenesvila.lt\/wp-content\/uploads\/2021\/07\/4-1568x1050.jpg 1568w, https:\/\/uzukenesvila.lt\/wp-content\/uploads\/2021\/07\/4.jpg 1613w\" sizes=\"(max-width: 1024px) 100vw, 1024px\" \/><\/figure><\/li><li class=\"blocks-gallery-item\"><figure><img loading=\"lazy\" width=\"1024\" height=\"686\" src=\"http:\/\/uzukenesvila.lt\/wp-content\/uploads\/2021\/07\/9-1024x686.jpg\" alt=\"\" data-id=\"14\" data-full-url=\"http:\/\/uzukenesvila.lt\/wp-content\/uploads\/2021\/07\/9.jpg\" data-link=\"https:\/\/uzukenesvila.lt\/sony-dsc-3\/\" class=\"wp-image-14\" srcset=\"https:\/\/uzukenesvila.lt\/wp-content\/uploads\/2021\/07\/9-1024x686.jpg 1024w, https:\/\/uzukenesvila.lt\/wp-content\/uploads\/2021\/07\/9-300x201.jpg 300w, https:\/\/uzukenesvila.lt\/wp-content\/uploads\/2021\/07\/9-768x514.jpg 768w, https:\/\/uzukenesvila.lt\/wp-content\/uploads\/2021\/07\/9-1536x1028.jpg 1536w, https:\/\/uzukenesvila.lt\/wp-content\/uploads\/2021\/07\/9-1568x1050.jpg 1568w, https:\/\/uzukenesvila.lt\/wp-content\/uploads\/2021\/07\/9.jpg 1613w\" sizes=\"(max-width: 1024px) 100vw, 1024px\" \/><\/figure><\/li><li class=\"blocks-gallery-item\"><figure><img loading=\"lazy\" width=\"1024\" height=\"683\" src=\"http:\/\/uzukenesvila.lt\/wp-content\/uploads\/2021\/07\/11-1024x683.jpeg\" alt=\"\" data-id=\"15\" data-full-url=\"http:\/\/uzukenesvila.lt\/wp-content\/uploads\/2021\/07\/11.jpeg\" data-link=\"https:\/\/uzukenesvila.lt\/11\/\" class=\"wp-image-15\" srcset=\"https:\/\/uzukenesvila.lt\/wp-content\/uploads\/2021\/07\/11-1024x683.jpeg 1024w, https:\/\/uzukenesvila.lt\/wp-content\/uploads\/2021\/07\/11-300x200.jpeg 300w, https:\/\/uzukenesvila.lt\/wp-content\/uploads\/2021\/07\/11-768x512.jpeg 768w, https:\/\/uzukenesvila.lt\/wp-content\/uploads\/2021\/07\/11-1536x1025.jpeg 1536w, https:\/\/uzukenesvila.lt\/wp-content\/uploads\/2021\/07\/11-1568x1046.jpeg 1568w, https:\/\/uzukenesvila.lt\/wp-content\/uploads\/2021\/07\/11.jpeg 1941w\" sizes=\"(max-width: 1024px) 100vw, 1024px\" \/><\/figure><\/li><li class=\"blocks-gallery-item\"><figure><img loading=\"lazy\" width=\"1024\" height=\"683\" src=\"http:\/\/uzukenesvila.lt\/wp-content\/uploads\/2021\/07\/13-1024x683.jpg\" alt=\"\" data-id=\"16\" data-full-url=\"http:\/\/uzukenesvila.lt\/wp-content\/uploads\/2021\/07\/13.jpg\" data-link=\"https:\/\/uzukenesvila.lt\/13\/\" class=\"wp-image-16\" srcset=\"https:\/\/uzukenesvila.lt\/wp-content\/uploads\/2021\/07\/13-1024x683.jpg 1024w, https:\/\/uzukenesvila.lt\/wp-content\/uploads\/2021\/07\/13-300x200.jpg 300w, https:\/\/uzukenesvila.lt\/wp-content\/uploads\/2021\/07\/13-768x512.jpg 768w, https:\/\/uzukenesvila.lt\/wp-content\/uploads\/2021\/07\/13-1536x1024.jpg 1536w, https:\/\/uzukenesvila.lt\/wp-content\/uploads\/2021\/07\/13-1568x1045.jpg 1568w, https:\/\/uzukenesvila.lt\/wp-content\/uploads\/2021\/07\/13.jpg 1620w\" sizes=\"(max-width: 1024px) 100vw, 1024px\" \/><\/figure><\/li><li class=\"blocks-gallery-item\"><figure><img loading=\"lazy\" width=\"821\" height=\"547\" src=\"http:\/\/uzukenesvila.lt\/wp-content\/uploads\/2021\/07\/22_1.png\" alt=\"\" data-id=\"17\" data-full-url=\"http:\/\/uzukenesvila.lt\/wp-content\/uploads\/2021\/07\/22_1.png\" data-link=\"https:\/\/uzukenesvila.lt\/22_1\/\" class=\"wp-image-17\" srcset=\"https:\/\/uzukenesvila.lt\/wp-content\/uploads\/2021\/07\/22_1.png 821w, https:\/\/uzukenesvila.lt\/wp-content\/uploads\/2021\/07\/22_1-300x200.png 300w, https:\/\/uzukenesvila.lt\/wp-content\/uploads\/2021\/07\/22_1-768x512.png 768w\" sizes=\"(max-width: 821px) 100vw, 821px\" \/><\/figure><\/li><li class=\"blocks-gallery-item\"><figure><img loading=\"lazy\" width=\"1024\" height=\"683\" src=\"http:\/\/uzukenesvila.lt\/wp-content\/uploads\/2021\/07\/25-1024x683.jpeg\" alt=\"\" data-id=\"18\" data-full-url=\"http:\/\/uzukenesvila.lt\/wp-content\/uploads\/2021\/07\/25.jpeg\" data-link=\"https:\/\/uzukenesvila.lt\/25\/\" class=\"wp-image-18\" srcset=\"https:\/\/uzukenesvila.lt\/wp-content\/uploads\/2021\/07\/25-1024x683.jpeg 1024w, https:\/\/uzukenesvila.lt\/wp-content\/uploads\/2021\/07\/25-300x200.jpeg 300w, https:\/\/uzukenesvila.lt\/wp-content\/uploads\/2021\/07\/25-768x512.jpeg 768w, https:\/\/uzukenesvila.lt\/wp-content\/uploads\/2021\/07\/25-1536x1024.jpeg 1536w, https:\/\/uzukenesvila.lt\/wp-content\/uploads\/2021\/07\/25-1568x1045.jpeg 1568w, https:\/\/uzukenesvila.lt\/wp-content\/uploads\/2021\/07\/25.jpeg 2031w\" sizes=\"(max-width: 1024px) 100vw, 1024px\" \/><\/figure><\/li><li class=\"blocks-gallery-item\"><figure><img loading=\"lazy\" width=\"1024\" height=\"683\" src=\"http:\/\/uzukenesvila.lt\/wp-content\/uploads\/2021\/07\/28-1024x683.jpeg\" alt=\"\" data-id=\"19\" data-full-url=\"http:\/\/uzukenesvila.lt\/wp-content\/uploads\/2021\/07\/28.jpeg\" data-link=\"https:\/\/uzukenesvila.lt\/28\/\" class=\"wp-image-19\" srcset=\"https:\/\/uzukenesvila.lt\/wp-content\/uploads\/2021\/07\/28-1024x683.jpeg 1024w, https:\/\/uzukenesvila.lt\/wp-content\/uploads\/2021\/07\/28-300x200.jpeg 300w, https:\/\/uzukenesvila.lt\/wp-content\/uploads\/2021\/07\/28-768x512.jpeg 768w, https:\/\/uzukenesvila.lt\/wp-content\/uploads\/2021\/07\/28-1536x1024.jpeg 1536w, https:\/\/uzukenesvila.lt\/wp-content\/uploads\/2021\/07\/28-1568x1045.jpeg 1568w, https:\/\/uzukenesvila.lt\/wp-content\/uploads\/2021\/07\/28.jpeg 1998w\" sizes=\"(max-width: 1024px) 100vw, 1024px\" \/><\/figure><\/li><\/ul><\/figure>\n\n\n\n<p><\/p>\n","protected":false},"excerpt":{"rendered":"<p>Sodybos nuoma prie pat Vilniaus! Nakvyn\u0117 Pagrindiniame sodybos pastate \u012frengti 5 jauk\u016bs miegamieji, kuriuose vienu metu gali nakvoti 18 asmen\u0173. Dar 8 nakvyn\u0117s vietos yra pirties pastate. Pirtis Atskirame pirties pastate gali ils\u0117tis 6-8 \u017emon\u0117s. J\u016bs\u0173 patogumui \u012frengtas du\u0161as, priepirtis, nedidel\u0117 virtuv\u0117l\u0117, balkonas, o antrame auk\u0161te &#8211; 8 vietos nakvynei. Maitinimas \u0160alia restorano sal\u0117s \u012frengta [&hellip;]<\/p>\n","protected":false},"author":1,"featured_media":0,"parent":0,"menu_order":0,"comment_status":"closed","ping_status":"closed","template":"templates\/template-full-width.php","meta":{"om_disable_all_campaigns":false,"_monsterinsights_skip_tracking":false,"_monsterinsights_sitenote_active":false,"_monsterinsights_sitenote_note":"","_monsterinsights_sitenote_category":0},"_links":{"self":[{"href":"https:\/\/uzukenesvila.lt\/index.php\/wp-json\/wp\/v2\/pages\/5"}],"collection":[{"href":"https:\/\/uzukenesvila.lt\/index.php\/wp-json\/wp\/v2\/pages"}],"about":[{"href":"https:\/\/uzukenesvila.lt\/index.php\/wp-json\/wp\/v2\/types\/page"}],"author":[{"embeddable":true,"href":"https:\/\/uzukenesvila.lt\/index.php\/wp-json\/wp\/v2\/users\/1"}],"replies":[{"embeddable":true,"href":"https:\/\/uzukenesvila.lt\/index.php\/wp-json\/wp\/v2\/comments?post=5"}],"version-history":[{"count":6,"href":"https:\/\/uzukenesvila.lt\/index.php\/wp-json\/wp\/v2\/pages\/5\/revisions"}],"predecessor-version":[{"id":60,"href":"https:\/\/uzukenesvila.lt\/index.php\/wp-json\/wp\/v2\/pages\/5\/revisions\/60"}],"wp:attachment":[{"href":"https:\/\/uzukenesvila.lt\/index.php\/wp-json\/wp\/v2\/media?parent=5"}],"curies":[{"name":"wp","href":"https:\/\/api.w.org\/{rel}","templated":true}]}}